{"id":3,"date":"2021-02-21T15:19:04","date_gmt":"2021-02-21T15:19:04","guid":{"rendered":"https:\/\/cerebrosamente.com\/?page_id=3"},"modified":"2021-11-22T11:23:52","modified_gmt":"2021-11-22T09:23:52","slug":"privacy-policy","status":"publish","type":"page","link":"https:\/\/cerebrosamente.com\/index.php\/privacy-policy\/","title":{"rendered":"Pol\u00edtica de Privacidad"},"content":{"rendered":"\n<p><strong>1. Responsable \u00bfQui\u00e9n tratar\u00e1 sus datos? <\/strong><\/p>\n\n\n\n<p><strong>\u00a0<\/strong>El responsable y destinatario de los datos es VER\u00d3NICA TRELLES ALONSO, (en adelante la Profesional) NIF 10891120-E, cuyos datos de contacto son: C\/ Ecuador N\u00ba1 -1D, 33213, Gij\u00f3n, Asturias, correo electr\u00f3nico: cerebrosamentepsicologia@gmail.com<\/p>\r\n<p>Puede contactarnos por correo electr\u00f3nico en la siguiente direcci\u00f3n: VER\u00d3NICA TRELLES ALONSO, C\/ Ecuador N\u00ba1 -1D, 33213, Gij\u00f3n, Asturias,o por correo electr\u00f3nico: vtpsicologia@cerebrosamente.com<\/p>\r\n<p><strong>2. Finalidades \u00bfPara qu\u00e9 son precisos sus datos?<\/strong><\/p>\r\n<p><strong>\u00a0<\/strong>Usaremos sus datos para poder remitirle la informaci\u00f3n sobre nuestros productos y\/o presupuestos que nos haya solicitado, del modo en que nos haya indicado, incluyendo el correo electr\u00f3nico o medios de comunicaci\u00f3n equivalente, en los plazos habilitados por usted para ello.<\/p>\r\n<p>En caso de que usted se haya suscrito a nuestra Newsletter trataremos sus datos con la finalidad de remitirle comunicaciones comerciales por correo electr\u00f3nico, informarle sobre nuestros productos, servicios y promociones. Recuerde que siempre podr\u00e1 oponerse en cualquier momento a esta finalidad remitiendo un correo electr\u00f3nico a la siguiente direcci\u00f3n: cerebrosamentepsicologia@gmail.com<\/p>\r\n<p><strong>3. Plazos. \u00bfPor cu\u00e1nto tiempo conservaremos sus datos?<\/strong><\/p>\r\n<p>Los datos que nos entregue para solicitar informaci\u00f3n, as\u00ed como requerir un presupuesto u oferta pueden mantenerse al menos durante el plazo de vigencia del mismo, solicit\u00e1ndole en el momento de su recogida consentimiento para mantenerlos un plazo m\u00e1ximo de un a\u00f1o. Recuerde que siempre puede oponerse o revocar este consentimiento.<\/p>\r\n<p>Los datos recabados para la prestaci\u00f3n de un servicio, o los que se origen durante el mantenimiento del mismo, ser\u00e1n bloqueados cuando hayan dejado de ser necesarios para la finalidad para la cual fueron recogidos. Dicho bloqueo supondr\u00e1 que sus datos ser\u00e1n conservados \u00fanicamente a disposici\u00f3n de las Administraciones P\u00fablicas, Jueces y Tribunales para la atenci\u00f3n por parte de esta entidad de las posibles responsabilidades nacidas del tratamiento, durante el plazo de prescripci\u00f3n de \u00e9stas. Una vez transcurrido estos plazos sus datos ser\u00e1n suprimidos.<\/p>\r\n<p><strong>4. Legitimaci\u00f3n. \u00bfPor qu\u00e9 necesitamos sus datos y posible oposici\u00f3n a los tratamientos?<\/strong><\/p>\r\n<p>Los tratamientos que realizamos se basan en la existencia de su consentimiento. Recuerde que siempre puede revocar el mismo u oponerse con posterioridad. En ning\u00fan caso la celebraci\u00f3n del contrato o contratos que quiera contratar est\u00e1n supeditados o condicionados a la obtenci\u00f3n de estos consentimientos para fines adicionales.<\/p>\r\n<p><strong>5. Destinatarios. \u00bfQui\u00e9n manejar\u00e1 sus datos?<\/strong><\/p>\r\n<p>\u00danicamente VER\u00d3NICA TRELLES ALONSO tratar\u00e1 los datos que nos facilite por este medio. No se producir\u00e1n cesiones de datos a terceros, ni transferencias internacionales de los mismos.<\/p>\r\n<p><strong>6. Derechos. \u00bfC\u00f3mo ejercitar mis derechos?<\/strong><\/p>\r\n<p>Puede dirigir su solicitud de derechos mediante escrito dirigido a VER\u00d3NICA TRELLES ALONSO, C\/ Ecuador N\u00ba1 -1D, 33213, Gij\u00f3n, Asturias, mediante carta postal o en la direcci\u00f3n de correo electr\u00f3nico:\u00a0 cerebrosamentepsicologia@gmail.com<\/p>\r\n<p>En caso de cualquier duda, o en el supuesto de que no considere que ha sido debidamente atendido, por favor, no dude en contactar y transmitir su queja al Responsable de Protecci\u00f3n de Datos de nuestra entidad en el correo cerebrosamentepsicologia@gmail.com o mediante carta postal dirigida a la misma direcci\u00f3n.<\/p>\r\n<p>&nbsp;<\/p>\r\n<p>&nbsp;<\/p>\r\n<p>&nbsp;<\/p>\r\n<p><strong>\u00a0<\/strong><\/p>\r\n<p>\n\n\n<p><\/p>\n<p>&nbsp;<\/p>\n<p>&nbsp;<\/p>","protected":false},"excerpt":{"rendered":"<p>1. Responsable \u00bfQui\u00e9n tratar\u00e1 sus datos? \u00a0El responsable y destinatario de los datos es VER\u00d3NICA TRELLES ALONSO, (en adelante la<\/p>\n","protected":false},"author":1,"featured_media":0,"parent":0,"menu_order":0,"comment_status":"closed","ping_status":"open","template":"","meta":{"footnotes":""},"class_list":["post-3","page","type-page","status-publish","hentry"],"_links":{"self":[{"href":"https:\/\/cerebrosamente.com\/index.php\/wp-json\/wp\/v2\/pages\/3","targetHints":{"allow":["GET"]}}],"collection":[{"href":"https:\/\/cerebrosamente.com\/index.php\/wp-json\/wp\/v2\/pages"}],"about":[{"href":"https:\/\/cerebrosamente.com\/index.php\/wp-json\/wp\/v2\/types\/page"}],"author":[{"embeddable":true,"href":"https:\/\/cerebrosamente.com\/index.php\/wp-json\/wp\/v2\/users\/1"}],"replies":[{"embeddable":true,"href":"https:\/\/cerebrosamente.com\/index.php\/wp-json\/wp\/v2\/comments?post=3"}],"version-history":[{"count":9,"href":"https:\/\/cerebrosamente.com\/index.php\/wp-json\/wp\/v2\/pages\/3\/revisions"}],"predecessor-version":[{"id":3844,"href":"https:\/\/cerebrosamente.com\/index.php\/wp-json\/wp\/v2\/pages\/3\/revisions\/3844"}],"wp:attachment":[{"href":"https:\/\/cerebrosamente.com\/index.php\/wp-json\/wp\/v2\/media?parent=3"}],"curies":[{"name":"wp","href":"https:\/\/api.w.org\/{rel}","templated":true}]}}