{"id":3514,"date":"2021-08-16T11:16:12","date_gmt":"2021-08-16T11:16:12","guid":{"rendered":"https:\/\/cerebrosamente.com\/?page_id=3514"},"modified":"2021-11-22T11:19:03","modified_gmt":"2021-11-22T09:19:03","slug":"aviso-legal","status":"publish","type":"page","link":"https:\/\/cerebrosamente.com\/index.php\/aviso-legal\/","title":{"rendered":"Aviso Legal"},"content":{"rendered":"<div class=\"entry-content\">\n<p>En cumplimiento con el deber de informaci\u00f3n dispuesto en la Ley 34\/2002 de Servicios de la Sociedad de la Informaci\u00f3n y el Comercio Electr\u00f3nico (LSSI-CE) de 11 de julio, se facilitan a continuaci\u00f3n los siguientes datos de informaci\u00f3n general de este sitio web:<\/p>\n<p>La titularidad de este sitio web www.cerebrosamente.com, (en adelante, sitio Web o\u00a0 CEREBROSAMENTE) la ostenta: Ver\u00f3nica Trelles Alonso, con NIF 10891120-E , cuyos datos de contacto son:<\/p>\n<p>Direcci\u00f3n: C\/ Ecuador N\u00ba1 -1D, 33213, Gij\u00f3n, Asturias<\/p>\n<p>Tel\u00e9fono: (+34) 630 65 65 51<\/p>\n<p>E-Mail: vtpsicologia@cerebrosamente.com<\/p>\n<p>Actividad: Servicios Psicolog\u00eda<\/p>\n<p>Colegiada Colegio Oficial de Psic\u00f3logos del Principado de Asturias N\u00ba O-03327<\/p>\n<\/div>\n","protected":false},"excerpt":{"rendered":"<p>En cumplimiento con el deber de informaci\u00f3n dispuesto en la Ley 34\/2002 de Servicios de la Sociedad de la Informaci\u00f3n<\/p>\n","protected":false},"author":1,"featured_media":0,"parent":0,"menu_order":0,"comment_status":"closed","ping_status":"closed","template":"","meta":{"footnotes":""},"class_list":["post-3514","page","type-page","status-publish","hentry"],"_links":{"self":[{"href":"https:\/\/cerebrosamente.com\/index.php\/wp-json\/wp\/v2\/pages\/3514","targetHints":{"allow":["GET"]}}],"collection":[{"href":"https:\/\/cerebrosamente.com\/index.php\/wp-json\/wp\/v2\/pages"}],"about":[{"href":"https:\/\/cerebrosamente.com\/index.php\/wp-json\/wp\/v2\/types\/page"}],"author":[{"embeddable":true,"href":"https:\/\/cerebrosamente.com\/index.php\/wp-json\/wp\/v2\/users\/1"}],"replies":[{"embeddable":true,"href":"https:\/\/cerebrosamente.com\/index.php\/wp-json\/wp\/v2\/comments?post=3514"}],"version-history":[{"count":6,"href":"https:\/\/cerebrosamente.com\/index.php\/wp-json\/wp\/v2\/pages\/3514\/revisions"}],"predecessor-version":[{"id":3841,"href":"https:\/\/cerebrosamente.com\/index.php\/wp-json\/wp\/v2\/pages\/3514\/revisions\/3841"}],"wp:attachment":[{"href":"https:\/\/cerebrosamente.com\/index.php\/wp-json\/wp\/v2\/media?parent=3514"}],"curies":[{"name":"wp","href":"https:\/\/api.w.org\/{rel}","templated":true}]}}