{"id":3665,"date":"2021-08-26T08:51:06","date_gmt":"2021-08-26T06:51:06","guid":{"rendered":"https:\/\/cerebrosamente.com\/?page_id=3665"},"modified":"2021-08-26T08:54:37","modified_gmt":"2021-08-26T06:54:37","slug":"politica-de-cookies","status":"publish","type":"page","link":"https:\/\/cerebrosamente.com\/index.php\/politica-de-cookies\/","title":{"rendered":"Pol\u00edtica de cookies"},"content":{"rendered":"\n<p>Para mejorar la experiencia de navegaci\u00f3n de nuestros clientes  nuestro Sitio web utiliza dispositivos de implantaci\u00f3n de cookies.<\/p>\n\n\n\n<p>Por ello, queremos informarles de manera clara y precisa sobre las cookies que utilizamos, detallando a continuaci\u00f3n, que es una cookie, para que sirve, que tipos de cookies utilizamos, cuales son su finalidad y c\u00f3mo pueden configurarlas o deshabilitarlas si as\u00ed lo desean.<\/p>\n\n\n\n<p><strong>\u00bfQu\u00e9 es una cookie?<\/strong><\/p>\n\n\n\n<p>La cookie es un fichero que depositamos en su equipo, y cuyo \u00fanico objetivo es simplificar su navegaci\u00f3n en <a href=\"http:\/\/www.cerebrosamente.com\">www.cerebrosamente.com<\/a> &nbsp;(esta cookie no puede contener virus ni ser ejecutada, porque no es un fichero activo). La cookie s\u00f3lo puede ser le\u00edda por <a href=\"http:\/\/www.cerebrosamente.com\">www.cerebrosamente.com<\/a> y por usted, que podr\u00e1 borrarla si lo desea, accediendo a la opci\u00f3n de su navegador.<\/p>\n\n\n\n<p>Las cookies son esenciales para el funcionamiento de internet, aportando innumerables ventajas en la prestaci\u00f3n de servicios interactivos, facilit\u00e1ndole la navegaci\u00f3n y usabilidad de nuestra web.<\/p>\n\n\n\n<p>La informaci\u00f3n recabada a trav\u00e9s de las cookies puede incluir la fecha y hora de visitas al Sitio Web, las p\u00e1ginas visionadas, el tiempo que ha estado en el Sitio Web y los sitios visitados justo antes y despu\u00e9s del mismo. Sin embargo, ninguna cookie permite que esta misma pueda contactarse con el n\u00famero de tel\u00e9fono del Usuario o con cualquier otro medio de contacto personal.<\/p>\n\n\n\n<p>Ninguna cookie puede extraer informaci\u00f3n del disco duro del Usuario, o acceder a su informaci\u00f3n personal. La \u00fanica manera de que la informaci\u00f3n privada del usuario forme parte del archivo cookie es que el usuario facilite esta informaci\u00f3n personalmente al servidor.<\/p>\n\n\n\n<p>En ning\u00fan caso las cookies podr\u00edan da\u00f1ar su equipo. Al mismo tiempo, el que est\u00e9n activas nos ayuda a identificar y resolver los errores.<\/p>\n\n\n\n<p><strong>\u00bfQu\u00e9 tipos de cookies utilizamos?<\/strong><\/p>\n\n\n\n<p>Cerebrosamente.com utiliza en este sitio web los siguientes tipos de cookies tal y como se detallan en el cuadro siguiente:<\/p>\n\n\n\n<ul class=\"wp-block-list\"><li>Cookies t\u00e9cnicas necesarias o convenientes para la prestaci\u00f3n de determinados servicios. Si se desactivan estas cookies, no podr\u00e1 recibir correctamente los contenidos del sitio web.<\/li><\/ul>\n\n\n\n<ul class=\"wp-block-list\"><li>Cookies anal\u00edticas, para el seguimiento y an\u00e1lisis estad\u00edstico del comportamiento del conjunto de los usuarios. Si se desactivan estas cookies, el sitio web podr\u00e1 seguir funcionando, sin perjuicio de que la informaci\u00f3n captada por estas cookies sobre el uso de nuestra web y sobre su contenido permite mejorar nuestros servicios.<\/li><\/ul>\n\n\n\n<ul class=\"wp-block-list\"><li>Cookies de redes sociales externas, que se utilizan para que los visitantes puedan interactuar con el contenido de diferentes plataformas sociales de las que sean usuarios (Facebook, YouTube, Twitter, LinkedIn, Flickr, etc.). Las condiciones de utilizaci\u00f3n de estas cookies y la informaci\u00f3n recopilada se regulan por la pol\u00edtica de privacidad de la plataforma social correspondiente.<\/li><\/ul>\n\n\n\n<p><strong>\u00bfC\u00f3mo puede configurar o deshabilitar sus cookies?<\/strong><\/p>\n\n\n\n<p>Puede permitir, bloquear o eliminar las cookies instaladas en su equipo mediante la configuraci\u00f3n de las opciones de su navegador de Internet, por ejemplo:<\/p>\n\n\n\n<p><strong>Chrome<\/strong>, desde <a href=\"http:\/\/support.google.com\/chrome\/bin\/answer.py?hl=es&amp;answer=95647\" target=\"_blank\" rel=\"noreferrer noopener\">http:\/\/support.google.com\/chrome\/bin\/answer.py?hl=es&amp;answer=95647<\/a><\/p>\n\n\n\n<p><strong>Explorer<\/strong>, desde<\/p>\n\n\n\n<p><a href=\"https:\/\/support.microsoft.com\/es-es\/help\/17442\/windows-internet-explorer-delete-manage-cookies\">https:\/\/support.microsoft.com\/es-es\/help\/17442\/windows-internet-explorer-delete-manage-cookies<\/a><\/p>\n\n\n\n<p><strong>Firefox<\/strong>, desde<\/p>\n\n\n\n<p>&nbsp;<a href=\"http:\/\/support.mozilla.org\/es\/kb\/habilitar-y-deshabilitar-cookies-que-los-sitios-we\" target=\"_blank\" rel=\"noreferrer noopener\">http:\/\/support.mozilla.org\/es\/kb\/habilitar-y-deshabilitar-cookies-que-los-sitios-we<\/a><\/p>\n\n\n\n<p><strong>Safari<\/strong>, desde<\/p>\n\n\n\n<p><a href=\"http:\/\/support.apple.com\/kb\/ph5042\" target=\"_blank\" rel=\"noreferrer noopener\">http:\/\/support.apple.com\/kb\/ph5042<\/a><\/p>\n\n\n\n<p>En caso de que no permita la instalaci\u00f3n de cookies en su navegador es posible que no pueda acceder a algunos de los servicios y por tanto su experiencia en nuestra web pueda resultar menos satisfactoria.<\/p>\n\n\n\n<p><strong>Actualizaci\u00f3n y cambios en la pol\u00edtica de cookies.<\/strong><\/p>\n\n\n\n<p>Este sitio web puede modificar su pol\u00edtica de cookies en funci\u00f3n de cambios en la legislaci\u00f3n aplicable o bien como consecuencia de cambios en el sitio web o en los servicios e informaci\u00f3n que presta a los usuarios. Recomendamos el acceso peri\u00f3dico a las condiciones de utilizaci\u00f3n para conocer los cambios, modificaciones y actualizaciones que puedan producirse.<\/p>\n\n\n\n<p><strong>Consentimiento<\/strong><\/p>\n\n\n\n<p>Al navegar y continuar en nuestra web nos indica que est\u00e1 consintiendo el uso de las cookies antes enunciadas, y en las condiciones contenidas en la presente Pol\u00edtica de Cookies.<\/p>\n","protected":false},"excerpt":{"rendered":"<p>Para mejorar la experiencia de navegaci\u00f3n de nuestros clientes nuestro Sitio web utiliza dispositivos de implantaci\u00f3n de cookies. Por ello,<\/p>\n","protected":false},"author":1,"featured_media":0,"parent":0,"menu_order":0,"comment_status":"closed","ping_status":"closed","template":"","meta":{"footnotes":""},"class_list":["post-3665","page","type-page","status-publish","hentry"],"_links":{"self":[{"href":"https:\/\/cerebrosamente.com\/index.php\/wp-json\/wp\/v2\/pages\/3665","targetHints":{"allow":["GET"]}}],"collection":[{"href":"https:\/\/cerebrosamente.com\/index.php\/wp-json\/wp\/v2\/pages"}],"about":[{"href":"https:\/\/cerebrosamente.com\/index.php\/wp-json\/wp\/v2\/types\/page"}],"author":[{"embeddable":true,"href":"https:\/\/cerebrosamente.com\/index.php\/wp-json\/wp\/v2\/users\/1"}],"replies":[{"embeddable":true,"href":"https:\/\/cerebrosamente.com\/index.php\/wp-json\/wp\/v2\/comments?post=3665"}],"version-history":[{"count":2,"href":"https:\/\/cerebrosamente.com\/index.php\/wp-json\/wp\/v2\/pages\/3665\/revisions"}],"predecessor-version":[{"id":3668,"href":"https:\/\/cerebrosamente.com\/index.php\/wp-json\/wp\/v2\/pages\/3665\/revisions\/3668"}],"wp:attachment":[{"href":"https:\/\/cerebrosamente.com\/index.php\/wp-json\/wp\/v2\/media?parent=3665"}],"curies":[{"name":"wp","href":"https:\/\/api.w.org\/{rel}","templated":true}]}}